{"id":497,"date":"2019-10-08T19:36:54","date_gmt":"2019-10-08T19:36:54","guid":{"rendered":"https:\/\/el7.thembaydev.com\/besa\/?post_type=product&#038;p=497"},"modified":"2024-12-09T10:01:03","modified_gmt":"2024-12-09T10:01:03","slug":"ao-len-tay-dai-phong-cach-han-quoc-sm13","status":"publish","type":"product","link":"https:\/\/8270.matbao.website\/index.php\/product\/ao-len-tay-dai-phong-cach-han-quoc-sm13\/","title":{"rendered":"\u00c1o len tay d\u00e0i phong c\u00e1ch H\u00e0n Qu\u1ed1c SM13"},"content":{"rendered":"\t\t<div data-elementor-type=\"wp-post\" data-elementor-id=\"497\" class=\"elementor elementor-497\">\n\t\t\t\t\t\t<section class=\"elementor-section elementor-top-section elementor-element elementor-element-423a36e elementor-section-boxed elementor-section-height-default elementor-section-height-default\" data-id=\"423a36e\" data-element_type=\"section\">\n\t\t\t\t\t\t<div class=\"elementor-container elementor-column-gap-no\">\n\t\t\t\t\t<div class=\"elementor-column elementor-col-100 elementor-top-column elementor-element elementor-element-6fec6d0\" data-id=\"6fec6d0\" data-element_type=\"column\">\n\t\t\t<div class=\"elementor-widget-wrap elementor-element-populated\">\n\t\t\t\t\t\t<div class=\"elementor-element elementor-element-34b11a3 elementor-widget elementor-widget-text-editor\" data-id=\"34b11a3\" data-element_type=\"widget\" data-widget_type=\"text-editor.default\">\n\t\t\t\t<div class=\"elementor-widget-container\">\n\t\t\t\t\t\t\t<p><span>Ch\u1ea5t li\u1ec7u v\u1ea3i len cao c\u1ea5p, kh\u00f4ng phai m\u00e0u.<\/span><\/p><p><span>Body form H\u00e0n Qu\u1ed1c, d\u1ec5 k\u1ebft h\u1ee3p v\u1edbi nhi\u1ec1u lo\u1ea1i qu\u1ea7n kh\u00e1c nhau.<\/span><\/p><p><span>S\u1ea3n xu\u1ea5t t\u1ea1i Vi\u1ec7t Nam.<\/span><\/p><p><span>\u0110\u01b0\u1ee3c s\u1eed d\u1ee5ng nhi\u1ec1u nh\u1ea5t tr\u00ean th\u1ecb tr\u01b0\u1eddng.<\/span><\/p><p><span>Ph\u00f9 h\u1ee3p m\u1eb7c trong nhi\u1ec1u m\u00f4i tr\u01b0\u1eddng kh\u00e1c nhau nh\u01b0 c\u00f4ng s\u1edf, ti\u1ec7c t\u00f9ng, s\u1ef1 ki\u1ec7n, du l\u1ecbch..<\/span><\/p><p><span>M\u00e0u s\u1eafc: \u0111en, xanh, \u0111\u1ecf<\/span><\/p><p><span>\u0110\u01b0\u1eddng may tinh t\u1ebf, ch\u1ea5t li\u1ec7u v\u1ea3i cao c\u1ea5p, s\u1ea3n ph\u1ea9m b\u1eb1ng t\u00f4n s\u00f3ng, d\u1ec5 m\u1eb7c.<\/span><\/p>\t\t\t\t\t\t<\/div>\n\t\t\t\t<\/div>\n\t\t\t\t\t<\/div>\n\t\t<\/div>\n\t\t\t\t\t<\/div>\n\t\t<\/section>\n\t\t\t\t<section class=\"elementor-section elementor-top-section elementor-element elementor-element-02dbb52 elementor-section-boxed elementor-section-height-default elementor-section-height-default\" data-id=\"02dbb52\" data-element_type=\"section\">\n\t\t\t\t\t\t<div class=\"elementor-container elementor-column-gap-default\">\n\t\t\t\t\t<div class=\"elementor-column elementor-col-50 elementor-top-column elementor-element elementor-element-6b1433c\" data-id=\"6b1433c\" data-element_type=\"column\">\n\t\t\t<div class=\"elementor-widget-wrap elementor-element-populated\">\n\t\t\t\t\t\t<div class=\"elementor-element elementor-element-17af4bd elementor-widget elementor-widget-image\" data-id=\"17af4bd\" data-element_type=\"widget\" data-widget_type=\"image.default\">\n\t\t\t\t<div class=\"elementor-widget-container\">\n\t\t\t\t\t\t\t\t\t\t\t\t\t<img fetchpriority=\"high\" decoding=\"async\" width=\"660\" height=\"660\" src=\"https:\/\/8270.matbao.website\/wp-content\/uploads\/2019\/10\/product-107.jpg\" class=\"attachment-large size-large wp-image-180\" alt=\"\" \/>\t\t\t\t\t\t\t\t\t\t\t\t\t<\/div>\n\t\t\t\t<\/div>\n\t\t\t\t\t<\/div>\n\t\t<\/div>\n\t\t\t\t<div class=\"elementor-column elementor-col-50 elementor-top-column elementor-element elementor-element-fb828a2\" data-id=\"fb828a2\" data-element_type=\"column\">\n\t\t\t<div class=\"elementor-widget-wrap elementor-element-populated\">\n\t\t\t\t\t\t<div class=\"elementor-element elementor-element-316c804 elementor-widget elementor-widget-image\" data-id=\"316c804\" data-element_type=\"widget\" data-widget_type=\"image.default\">\n\t\t\t\t<div class=\"elementor-widget-container\">\n\t\t\t\t\t\t\t\t\t\t\t\t\t<img decoding=\"async\" width=\"660\" height=\"660\" src=\"https:\/\/8270.matbao.website\/wp-content\/uploads\/2019\/10\/product-109.jpg\" class=\"attachment-large size-large wp-image-182\" alt=\"\" \/>\t\t\t\t\t\t\t\t\t\t\t\t\t<\/div>\n\t\t\t\t<\/div>\n\t\t\t\t\t<\/div>\n\t\t<\/div>\n\t\t\t\t\t<\/div>\n\t\t<\/section>\n\t\t\t\t<\/div>\n\t\t","protected":false},"excerpt":{"rendered":"<ul>\n<li>Size M: C\u00e2n n\u1eb7ng 50kg tr\u1edf xu\u1ed1ng<\/li>\n<li>Size L: C\u00e2n n\u1eb7ng 60kg tr\u1edf xu\u1ed1ng<\/li>\n<li>Size XL: C\u00e2n n\u1eb7ng 70kg tr\u1edf xu\u1ed1ng<\/li>\n<\/ul>\n","protected":false},"featured_media":183,"comment_status":"open","ping_status":"closed","template":"","meta":[],"product_cat":[57],"product_tag":[157,156],"class_list":{"0":"post-497","1":"product","2":"type-product","3":"status-publish","4":"has-post-thumbnail","6":"product_cat-thoi-trang","7":"product_tag-nu","8":"product_tag-thoi-trang","11":"instock","12":"sale","13":"shipping-taxable","14":"purchasable","15":"product-type-variable","16":"has-default-attributes"},"_links":{"self":[{"href":"https:\/\/8270.matbao.website\/index.php\/wp-json\/wp\/v2\/product\/497"}],"collection":[{"href":"https:\/\/8270.matbao.website\/index.php\/wp-json\/wp\/v2\/product"}],"about":[{"href":"https:\/\/8270.matbao.website\/index.php\/wp-json\/wp\/v2\/types\/product"}],"replies":[{"embeddable":true,"href":"https:\/\/8270.matbao.website\/index.php\/wp-json\/wp\/v2\/comments?post=497"}],"version-history":[{"count":8,"href":"https:\/\/8270.matbao.website\/index.php\/wp-json\/wp\/v2\/product\/497\/revisions"}],"predecessor-version":[{"id":10843,"href":"https:\/\/8270.matbao.website\/index.php\/wp-json\/wp\/v2\/product\/497\/revisions\/10843"}],"wp:featuredmedia":[{"embeddable":true,"href":"https:\/\/8270.matbao.website\/index.php\/wp-json\/wp\/v2\/media\/183"}],"wp:attachment":[{"href":"https:\/\/8270.matbao.website\/index.php\/wp-json\/wp\/v2\/media?parent=497"}],"wp:term":[{"taxonomy":"product_cat","embeddable":true,"href":"https:\/\/8270.matbao.website\/index.php\/wp-json\/wp\/v2\/product_cat?post=497"},{"taxonomy":"product_tag","embeddable":true,"href":"https:\/\/8270.matbao.website\/index.php\/wp-json\/wp\/v2\/product_tag?post=497"}],"curies":[{"name":"wp","href":"https:\/\/api.w.org\/{rel}","templated":true}]}}